{"id":2,"date":"2016-04-01T10:53:19","date_gmt":"2016-04-01T09:53:19","guid":{"rendered":"http:\/\/lerelaisdesseigneurs.xyz\/?page_id=2"},"modified":"2025-12-29T09:06:00","modified_gmt":"2025-12-29T08:06:00","slug":"page-d-exemple","status":"publish","type":"page","link":"https:\/\/lerelaisdesseigneurs.xyz\/","title":{"rendered":"Accueil"},"content":{"rendered":"<p>Bienvenue au Relais des Seigneurs G\u00eete et Maison d\u2019H\u00f4tes.<\/p>\n<p>Situ\u00e9 au c\u0153ur du bourg de Saint-Andr\u00e9 de Chalencon, sur la place de l\u2019\u00e9glise<\/p>\n<p>Saint-Andr\u00e9 de Chalencon est une petite commune de Haute-Loire situ\u00e9 \u00e0 45\u2019 de Saint-Etienne et du Puy-en-Velay, 40\u2019 de La Chaise-Dieu et 15\u2019 de Retournac, ville desservie par liaison SNCF quotidienne entre Saint-Etienne et Le Puy-en-Velay<\/p>\n<p>Notre Maison d\u2019H\u00f4tes est ouverte du 15 avril au 15 octobre.<\/p>\n<p>En formule gite (gestion libre) du 15 avril au 15 juillet et du 5 septembre au 15 octobre.<\/p>\n<p>En formule chambres d&rsquo;h\u00f4tes du 15 juillet au 05 septembre (petit d\u00e9jeuner en autonomie).<\/p>\n<p>Pour vos r\u00e9servations ou pour obtenir de plus amples renseignements, n\u2019h\u00e9sitez pas \u00e0 nous contacter au 06 81 13 04 19 ou par mail\u00a0: <a href=\"mailto:rds43@orange.fr\">rds43@orange.fr<\/a><\/p>\n<p>Vous pourrez agr\u00e9menter votre s\u00e9jour de belles balades \u00e0 pied, \u00e0 VTT, \u00e0 cheval autour de la Vall\u00e9e de l&rsquo;Ance et du village m\u00e9di\u00e9val de Chalencon.<\/p>\n<p>Latitude\u00a0: 45\u00b0 Longitude\u00a0: 3\u00b058 \u2013 Altitude\u00a0: 835 m<\/p>\n","protected":false},"excerpt":{"rendered":"<p>Bienvenue au Relais des Seigneurs G\u00eete et Maison d\u2019H\u00f4tes. Situ\u00e9 au c\u0153ur du bourg de Saint-Andr\u00e9 de Chalencon, sur la place de l\u2019\u00e9glise Saint-Andr\u00e9 de Chalencon est une petite commune de Haute-Loire situ\u00e9 \u00e0 45\u2019 de Saint-Etienne et du Puy-en-Velay,<\/p>\n","protected":false},"author":1,"featured_media":0,"parent":0,"menu_order":0,"comment_status":"closed","ping_status":"open","template":"","meta":[],"_links":{"self":[{"href":"https:\/\/lerelaisdesseigneurs.xyz\/index.php\/wp-json\/wp\/v2\/pages\/2"}],"collection":[{"href":"https:\/\/lerelaisdesseigneurs.xyz\/index.php\/wp-json\/wp\/v2\/pages"}],"about":[{"href":"https:\/\/lerelaisdesseigneurs.xyz\/index.php\/wp-json\/wp\/v2\/types\/page"}],"author":[{"embeddable":true,"href":"https:\/\/lerelaisdesseigneurs.xyz\/index.php\/wp-json\/wp\/v2\/users\/1"}],"replies":[{"embeddable":true,"href":"https:\/\/lerelaisdesseigneurs.xyz\/index.php\/wp-json\/wp\/v2\/comments?post=2"}],"version-history":[{"count":33,"href":"https:\/\/lerelaisdesseigneurs.xyz\/index.php\/wp-json\/wp\/v2\/pages\/2\/revisions"}],"predecessor-version":[{"id":262,"href":"https:\/\/lerelaisdesseigneurs.xyz\/index.php\/wp-json\/wp\/v2\/pages\/2\/revisions\/262"}],"wp:attachment":[{"href":"https:\/\/lerelaisdesseigneurs.xyz\/index.php\/wp-json\/wp\/v2\/media?parent=2"}],"curies":[{"name":"wp","href":"https:\/\/api.w.org\/{rel}","templated":true}]}}