{"id":134,"date":"2016-05-31T16:23:47","date_gmt":"2016-05-31T15:23:47","guid":{"rendered":"http:\/\/lerelaisdesseigneurs.xyz\/?page_id=134"},"modified":"2025-12-29T09:11:57","modified_gmt":"2025-12-29T08:11:57","slug":"actualites","status":"publish","type":"page","link":"https:\/\/lerelaisdesseigneurs.xyz\/index.php\/actualites\/","title":{"rendered":"Activit\u00e9"},"content":{"rendered":"<p>Chaque ann\u00e9e, un artiste expose ses oeuvres dans la salle historique du Relais.<\/p>\n<p>Cette petite maison dat\u00e9e de 1793, typique de la fin du XVIII\u00e8me si\u00e8cle accueillait la partie habitation et la ferme. Construite autour d&rsquo;un ancien four banal et d&rsquo;une chemin\u00e9e monumental.<\/p>\n<p>Peinture, sculpture, photo, moderne ou classique, les oeuvres d&rsquo;artistes locaux, r\u00e9gionaux ou nationaux sont \u00e0 d\u00e9couvrir au mois d&rsquo;aout, tous les jours de 14h 30 \u00e0 18h.<\/p>\n<p><em>(Il est pr\u00e9cis\u00e9 que la salle du Relais n&rsquo;est pas propos\u00e9e \u00e0 la location lors de la r\u00e9servation du gite et des chambres).<\/em><\/p>\n","protected":false},"excerpt":{"rendered":"<p>Chaque ann\u00e9e, un artiste expose ses oeuvres dans la salle historique du Relais. Cette petite maison dat\u00e9e de 1793, typique de la fin du XVIII\u00e8me si\u00e8cle accueillait la partie habitation et la ferme. Construite autour d&rsquo;un ancien four banal et<\/p>\n","protected":false},"author":1,"featured_media":0,"parent":0,"menu_order":0,"comment_status":"closed","ping_status":"closed","template":"","meta":[],"_links":{"self":[{"href":"https:\/\/lerelaisdesseigneurs.xyz\/index.php\/wp-json\/wp\/v2\/pages\/134"}],"collection":[{"href":"https:\/\/lerelaisdesseigneurs.xyz\/index.php\/wp-json\/wp\/v2\/pages"}],"about":[{"href":"https:\/\/lerelaisdesseigneurs.xyz\/index.php\/wp-json\/wp\/v2\/types\/page"}],"author":[{"embeddable":true,"href":"https:\/\/lerelaisdesseigneurs.xyz\/index.php\/wp-json\/wp\/v2\/users\/1"}],"replies":[{"embeddable":true,"href":"https:\/\/lerelaisdesseigneurs.xyz\/index.php\/wp-json\/wp\/v2\/comments?post=134"}],"version-history":[{"count":21,"href":"https:\/\/lerelaisdesseigneurs.xyz\/index.php\/wp-json\/wp\/v2\/pages\/134\/revisions"}],"predecessor-version":[{"id":264,"href":"https:\/\/lerelaisdesseigneurs.xyz\/index.php\/wp-json\/wp\/v2\/pages\/134\/revisions\/264"}],"wp:attachment":[{"href":"https:\/\/lerelaisdesseigneurs.xyz\/index.php\/wp-json\/wp\/v2\/media?parent=134"}],"curies":[{"name":"wp","href":"https:\/\/api.w.org\/{rel}","templated":true}]}}