{"id":101,"date":"2016-05-13T13:05:13","date_gmt":"2016-05-13T12:05:13","guid":{"rendered":"http:\/\/lerelaisdesseigneurs.xyz\/?page_id=101"},"modified":"2019-03-12T18:46:38","modified_gmt":"2019-03-12T17:46:38","slug":"historique","status":"publish","type":"page","link":"https:\/\/lerelaisdesseigneurs.xyz\/index.php\/historique\/","title":{"rendered":"Historique"},"content":{"rendered":"<p>H\u00f4tel familial depuis plus de cinq g\u00e9n\u00e9rations, d\u00e9sormais gite et Maison d\u2019H\u00f4tes, la maison a connu plusieurs formes d\u2019exploitation traversant les transformations du village et les \u00e9volutions du tourisme.<br \/>\nLe b\u00e2timent principal date du XIX \u00e8me si\u00e8cle, la salle dite \u00ab Le Relais \u00bb petite maison de la fin du XVIII\u00e8me a \u00e9t\u00e9 am\u00e9nag\u00e9e dans les ann\u00e9es 1960 en une seule pi\u00e8ce, par Marie Merc\u0153ur.<br \/>\nCette salle de style r\u00e9gional s\u2019ordonne autour d\u2019une grande chemin\u00e9e incluant un four \u00e0 pain.<br \/>\nActuellement salle des petits d\u00e9jeuners, lieu d\u2019expositions et de rencontres culturelles.<\/p>\n<p>Son activit\u00e9 a contribu\u00e9 \u00e0 sa mani\u00e8re \u00e0 promouvoir le renouveau patrimonial et culturel de la commune.<\/p>\n<p>A partir de 1982, en accompagnement de l&rsquo;action de l&rsquo;association des amis de Chalencon\u00a0et des manifestations organis\u00e9es dans le cadre du festival des Nuits du Velay, l&rsquo;h\u00f4tel Mercoeur accueillit plusieurs spectacles \u00ab\u00a0La plus \u00e9trange des Idylles\u00a0\u00bb de Tennessee Williams, et \u00ab\u00a0Poivre de Cayenne\u00a0\u00bb de Obaldia, interpr\u00e9t\u00e9 par Roland\u00a0 Blanche. Des d\u00e9bats furent organis\u00e9s avec le Docteur Bachelier, Michel Peyrelon, Charles Bretonn\u00e8che, Bruno Bayen, Henri Ronse; de nombreuses r\u00e9unions et d\u00eeners\u00a0consacr\u00e9s au fonctionnement de l&rsquo;association pour le d\u00e9veloppement \u00e9conomique, touristique et culturel des vall\u00e9es de l&rsquo;Ance et de l&rsquo;Andrable se tinrent dans la salle du Relais. C&rsquo;est \u00e0 cette \u00e9poque que l&rsquo;\u00e9tablissement prit le nom du \u00ab\u00a0Relais des Seigneurs\u00a0\u00bb et qu\u2019il f\u00fbt agr\u00e9\u00e9 pour exercer l&rsquo;activit\u00e9 de caf\u00e9 th\u00e9\u00e2tre.<\/p>\n<p>Dans les ann\u00e9es qui suivirent la fin du Festival, l&rsquo;action culturelle rev\u00eatit plusieurs formes :<\/p>\n<p>&#8211; des repr\u00e9sentations et cr\u00e9ations th\u00e9\u00e2trales: Colas Breugnon de Romain Rolland, jou\u00e9 par J.P Audrain\u00a0; la trilogie de Jules Vall\u00e8s interpr\u00e9t\u00e9e par Marianne Auricoste\u00a0; Colporteurs d&rsquo;images par le th\u00e9\u00e2tre \u00e0 Bretelles ; \u00ab\u00a0Vincent ou la folie d&rsquo;\u00eatre\u00a0\u00bb, textes de V. Van Gogh et Artaud par Jean O&rsquo;Cottrell,\u00a0\u00ab\u00a0 des mots qui penchent\u00a0\u00bb interpr\u00e9t\u00e9 par Philippe Garnier, des chroniques d\u2019Alexandre Vialatte mises en sc\u00e8ne et, notamment, \u00ab\u00a0De l&rsquo;orthographe et autres oiseaux rares\u00a0\u00bb -cr\u00e9ation et interpr\u00e9t\u00e9 par Denis Wettervald, puis \u00ab\u00a0Histoire de choses humaines\u00a0\u00bb par Fran\u00e7ois B\u00e9al,\u00a0\u00ab\u00a0Errance en Sirvent\u00e8s\u00a0\u00bb, cr\u00e9ation, d\u2019apr\u00e8s Peire Cardenal de et par Rebecca et Michel Peyrelon (installation Alejo Sandoval) ; quelques ann\u00e9es plus tard, une s\u00e9ance d&rsquo;hommage comm\u00e9morative consacr\u00e9e \u00e0 ce com\u00e9dien et f\u00fbt honor\u00e9e notamment de la pr\u00e9sence de Armand Chagot et Jacques Lassalle ; des extraits furent \u00e9galement pr\u00e9sent\u00e9 de extraits de Cromedeyre le vieil, de Jules Romains jou\u00e9s par des \u00e9l\u00e8ves de la Com\u00e9die de Saint Etienne, et des contes d\u2019Henri Pourrat lus par Mme Vial.<\/p>\n<p>-des rencontres litt\u00e9raires\u00a0 avec Jean Anglade, Annette Lauras-Pourrat, Thierry Boudignon, G\u00e9rard Bollon, Pierre Jourde, Albert Ducloz, Pierre Couderc, Liliane Juillard, un hommage rendu \u00e0 l\u2019\u00e9diteur Georges Chanon, des lectures-signatures d\u2019auteurs locaux.<\/p>\n<p>-des conf\u00e9rences , animations \u00a0et d\u00e9jeuners-rencontres consacr\u00e9s \u00e0 des r\u00e9f\u00e9rences culturelles et historiques: la r\u00e9volution \u00e0 la campagne et le cahier de dol\u00e9ances du Tiers \u00c9tat de Saint Andr\u00e9, la r\u00e9vocation de l&rsquo;\u00e9dit de Nantes, Vercing\u00e9torix et le mythe gaulois avec Andr\u00e9 Simon, la vie de Laurent Eynac par Bernard Prou, aux traces \u00a0grav\u00e9es de Louis Jouvet , puis d\u2019Albert Camus dans la r\u00e9gion, aux Vierges noires expliqu\u00e9es par le sculpteur Philippe Kaeppelin, puis la sir\u00e8ne et le chapiteau roman en Velay, avec Andr\u00e9 Cr\u00e9millieux et Pierre Burger, plusieurs s\u00e9ances consacr\u00e9es \u00e0 Jules Vall\u00e8s et initi\u00e9es par le Professeur Roger Bellet, avec la participation de Maurice Joyeux et de Monique Aubert, continu\u00e9es par Adrien Faure, le professeur Daniel Ligou, Mrs Colombani et Soulingeas, des chercheurs et administrateurs \u00a0locaux, Auguste Rivet, Jean Arsac, Jean Chaize, F.Cordet, Roger Mathieu, Aim\u00e9 Fillod, Paul Gagni\u00e8re, Jean Peyrard, Robert S\u00e9guy et son ouvrage sur le volcanisme ,Mile Touenabrus, plusieurs \u00e9vocations de l&rsquo;\u0153uvre de Marius Bailly, cr\u00e9ateur du personnage \u00ab\u00a0Le Piosou\u00a0\u00bb, Mme Pascale Blazy, Mr Pierre Carrou, Mme F. Viallet , le p\u00e8re M.Monier, deux films de Georges Rouquier \u00ab\u00a0Farrebique et Biquefarre\u00a0\u00bb, trois documentaires de J\u00e9r\u00f4me Prieur (Vercing\u00e9torix, Le roi des guerriers- le mythe national, le dernier gaulois), Monsieur Vincent Guichard, Pierre Couderc et ses papillons, une journ\u00e9e visite des ch\u00e2teaux et \u00e9glises du canton de Retournac, une journ\u00e9e avec le Cercle des lettres et des arts de Saint Etienne.<\/p>\n<p>-des expositions de photos de Nicolas Treatt , Mr Cavaill\u00e8s, Alain Delpy, Fran\u00e7ois Beyssac, Mme Marie Paule Ladreyt, Stephane Lamotte et trois autres consacr\u00e9es, l&rsquo;une au th\u00e8me musique, vie publique et r\u00e9volution fran\u00e7aise r\u00e9alis\u00e9e par Michelle Biget, l&rsquo;autre \u00e0 Germaine Tillion et comment\u00e9e par Nelly Forget, et celle de Christine Peyret (art-textile).<\/p>\n<p>&#8211; des veillades sur des sujets d&rsquo;actualit\u00e9 : la d\u00e9fense des fromages au lait cru, les transports ferroviaires locaux, rivi\u00e8res\u00a0 et ruisseaux, avec le Professeur Forestier, la m\u00e9moire du village avec Andr\u00e9 Fournier, Antoine Vassel, F\u00e9lix Jouve, Raoul Belhomme, Philippe Fournier, Marius Betemps, au Fil du fleuve Niger avec les t\u00e9moignages de Mme et Mr Raymond, et la pr\u00e9sentation des travaux du groupe de g\u00e9ologie de la Haute Loire par Madame et Monsieur Reymond.<\/p>\n<p>-des expositions de peinture, Antoinette Garcia Ville, Serge Ceccarelli, Mich\u00e8le Hemon, Michel Lucas de Bar, Alex Chazal, Catherine Vannier, Ren\u00e9e de Sainte Hilaire, G\u00e9og\u00e9o, \u00e0 plusieurs reprises, Luc Triquigneaux, Co\u00e9, Laurent Delafosse, Yves Le Gueut, Bernard Wolgensinger, Roland di Carmine, Sophie Thibaudat, Estelle R\u00e9gent, Ilana Polac, Jean Imhoff, Chantal Robert, Basile Chouvenc, Mireille Pauchon, Nathalie Moretto et cette ann\u00e9e Cathy Toussaint.<\/p>\n<p>-des pr\u00e9sentations de broderie par Corinne Moriange,\u00a0 une exposition d&rsquo;une collection de 4000 cartes anciennes, les \u00ab\u00a0flogs\u00a0\u00bb d&rsquo;Annette Drost, les objets d\u2019Annie Lorrain<\/p>\n<p>&#8211; une dizaine de \u00a0concerts avec le concours\u00a0 et la direction de Reynald Parrot, hautbois, et de Maryse Thiery, violon, dans l\u2019\u00e9glise du village\u00a0; particip\u00e8rent\u00a0-cit\u00e9s par ordre de venue- Fran\u00e7ois Lecoq, alto, Pierre Bodin, violoncelle, Richard Siegel, clavecin, le duo cor et clavecin Denise Comtois-Cahen, Lucien Courtois, Ernest Munch, ,Michel Rayni\u00e9, fl\u00fbte, Jean Michel Vernier,alto,Jean-Marie Gabard, violoncelle, duo fl\u00fbte et harpe Gwaenaelle Roussely, harpe, Fran\u00e7ois Bru, fl\u00fbte, Marie Paule Nounou, clavecin,Catherine Maubourguet, violon, Etienne Lefevre,\u00a0 basson, Paul Apellian, clarinette, Pascale Michaca, ,Paul Richard, violoncelle,Guy Boss\u00e9,guitare, jeanine Kachekdjian, fl\u00fbte, Jocelyne Dovillez, \u00a0clavecin, Jean Marc Dalmau, violoncelle, Marie Abdoun, basson, Marie-Anne Le Bars, violon, Fr\u00e9d\u00e9ric Gondot, alto, Paul Pichard, violoncelle.<\/p>\n<p>&nbsp;<\/p>\n","protected":false},"excerpt":{"rendered":"<p>H\u00f4tel familial depuis plus de cinq g\u00e9n\u00e9rations, d\u00e9sormais gite et Maison d\u2019H\u00f4tes, la maison a connu plusieurs formes d\u2019exploitation traversant les transformations du village et les \u00e9volutions du tourisme. Le b\u00e2timent principal date du XIX \u00e8me si\u00e8cle, la salle dite<\/p>\n","protected":false},"author":1,"featured_media":0,"parent":0,"menu_order":0,"comment_status":"closed","ping_status":"closed","template":"","meta":[],"_links":{"self":[{"href":"https:\/\/lerelaisdesseigneurs.xyz\/index.php\/wp-json\/wp\/v2\/pages\/101"}],"collection":[{"href":"https:\/\/lerelaisdesseigneurs.xyz\/index.php\/wp-json\/wp\/v2\/pages"}],"about":[{"href":"https:\/\/lerelaisdesseigneurs.xyz\/index.php\/wp-json\/wp\/v2\/types\/page"}],"author":[{"embeddable":true,"href":"https:\/\/lerelaisdesseigneurs.xyz\/index.php\/wp-json\/wp\/v2\/users\/1"}],"replies":[{"embeddable":true,"href":"https:\/\/lerelaisdesseigneurs.xyz\/index.php\/wp-json\/wp\/v2\/comments?post=101"}],"version-history":[{"count":36,"href":"https:\/\/lerelaisdesseigneurs.xyz\/index.php\/wp-json\/wp\/v2\/pages\/101\/revisions"}],"predecessor-version":[{"id":244,"href":"https:\/\/lerelaisdesseigneurs.xyz\/index.php\/wp-json\/wp\/v2\/pages\/101\/revisions\/244"}],"wp:attachment":[{"href":"https:\/\/lerelaisdesseigneurs.xyz\/index.php\/wp-json\/wp\/v2\/media?parent=101"}],"curies":[{"name":"wp","href":"https:\/\/api.w.org\/{rel}","templated":true}]}}